{"id":805,"date":"2012-12-05T19:28:22","date_gmt":"2012-12-05T18:28:22","guid":{"rendered":"http:\/\/mateoblay.es\/?page_id=805"},"modified":"2023-07-17T08:41:46","modified_gmt":"2023-07-17T07:41:46","slug":"about-agr","status":"publish","type":"page","link":"https:\/\/www.mateoblay.es\/en\/about-agr\/","title":{"rendered":"About Agr Food Marketing"},"content":{"rendered":"<p>Somos la agencia l\u00edder espa\u00f1ola en\u00a0<strong><a title=\"Publicidad y Marketing\" href=\"http:\/\/www.lawebdeagr.com\/catalogo\/especializacion-agroalimentaria\/\" target=\"_blank\" rel=\"noopener\">publicidad y marketing agroalimentario<\/a><\/strong>.<\/p>\n<p>Somos una empresa de\u00a0<strong><a title=\"Innovaci\u00f3n-Riesgo\" href=\"http:\/\/www.lawebdeagr.com\/catalogo\/nopublicidad\/\" target=\"_blank\" rel=\"noopener\">innovaci\u00f3n-riesgo<\/a><\/strong> que mediante nuestro concepto de &#8220;Nopublicidad&#8221;\u00ae comercializamos\u00a0<strong>ideas de valor<\/strong>.<\/p>\n<p>Estamos creando mediante alianzas, la primera plataforma espa\u00f1ola que\u00a0todos los servicios que necesita una<strong> <a href=\"http:\/\/www.lawebdeagr.com\/internacionalizacion.html\" target=\"_blank\" rel=\"noopener\">empresa agroalimentaria para internacionalizarse<\/a><\/strong>.<\/p>\n<p>agr! en cifras:<\/p>\n<ul>\n<li>25 aportando ideas de valor, premiadas en EFI, AME, New York\u00a0Festival y CdC entre otros festivales.<\/li>\n<li>3 divisiones: Publicidad, Innovaci\u00f3n-riesgo e Internacionalizaci\u00f3n de marcas.<\/li>\n<li>Especialistas y l\u00edderes en gesti\u00f3n de programas europeos (30 millones de euros gestionados en los \u00faltimos 5 a\u00f1os para 4 clientes).<\/li>\n<li>24 profesionales en plantilla y m\u00e1s de 50 colaboradores externos habituales, atendiendo a 15 clientes.<\/li>\n<li>800 millones de personas alcanzadas en 2011 en 4 continentes.<\/li>\n<li>218 oficinas en 72 pa\u00edses nos apoyan en nuestras relaciones internacionales, a trav\u00e9s de la red Publicis Groupe.<\/li>\n<\/ul>\n<p>&nbsp;<\/p>\n","protected":false},"excerpt":{"rendered":"<p>Somos la agencia l\u00edder espa\u00f1ola en\u00a0publicidad y marketing agroalimentario. Somos una empresa de\u00a0innovaci\u00f3n-riesgo que mediante nuestro concepto de &#8220;Nopublicidad&#8221;\u00ae comercializamos\u00a0ideas de valor. Estamos creando mediante alianzas, la primera plataforma espa\u00f1ola que\u00a0todos los servicios que necesita una empresa agroalimentaria para internacionalizarse. agr! en cifras: 25 aportando ideas de valor, premiadas en EFI, AME, New York\u00a0Festival y [&hellip;]<\/p>\n","protected":false},"author":5,"featured_media":0,"parent":0,"menu_order":0,"comment_status":"closed","ping_status":"closed","template":"","meta":{"_acf_changed":false,"_et_pb_use_builder":"","_et_pb_old_content":"","_et_gb_content_width":"","footnotes":""},"acf":[],"_links":{"self":[{"href":"https:\/\/www.mateoblay.es\/en\/wp-json\/wp\/v2\/pages\/805"}],"collection":[{"href":"https:\/\/www.mateoblay.es\/en\/wp-json\/wp\/v2\/pages"}],"about":[{"href":"https:\/\/www.mateoblay.es\/en\/wp-json\/wp\/v2\/types\/page"}],"author":[{"embeddable":true,"href":"https:\/\/www.mateoblay.es\/en\/wp-json\/wp\/v2\/users\/5"}],"replies":[{"embeddable":true,"href":"https:\/\/www.mateoblay.es\/en\/wp-json\/wp\/v2\/comments?post=805"}],"version-history":[{"count":4,"href":"https:\/\/www.mateoblay.es\/en\/wp-json\/wp\/v2\/pages\/805\/revisions"}],"predecessor-version":[{"id":1610,"href":"https:\/\/www.mateoblay.es\/en\/wp-json\/wp\/v2\/pages\/805\/revisions\/1610"}],"wp:attachment":[{"href":"https:\/\/www.mateoblay.es\/en\/wp-json\/wp\/v2\/media?parent=805"}],"curies":[{"name":"wp","href":"https:\/\/api.w.org\/{rel}","templated":true}]}}